{"id":402,"date":"2025-03-04T16:17:35","date_gmt":"2025-03-04T15:17:35","guid":{"rendered":"https:\/\/enjoy-normandie.fr\/?page_id=402"},"modified":"2025-03-05T14:25:27","modified_gmt":"2025-03-05T13:25:27","slug":"mentions-legales","status":"publish","type":"page","link":"https:\/\/enjoy-normandie.fr\/index.php\/mentions-legales","title":{"rendered":"Mentions l\u00e9gales"},"content":{"rendered":"\t\t<div data-elementor-type=\"wp-page\" data-elementor-id=\"402\" class=\"elementor elementor-402\" data-elementor-post-type=\"page\">\n\t\t\t\t<div class=\"elementor-element elementor-element-64860fc e-flex e-con-boxed e-con e-parent\" data-id=\"64860fc\" data-element_type=\"container\" data-e-type=\"container\">\n\t\t\t\t\t<div class=\"e-con-inner\">\n\t\t\t\t<div class=\"elementor-element elementor-element-1b5df50 elementor-widget elementor-widget-heading\" data-id=\"1b5df50\" data-element_type=\"widget\" data-e-type=\"widget\" data-widget_type=\"heading.default\">\n\t\t\t\t<div class=\"elementor-widget-container\">\n\t\t\t\t\t<h1 class=\"elementor-heading-title elementor-size-default\">Mentions L\u00e9gales<\/h1>\t\t\t\t<\/div>\n\t\t\t\t<\/div>\n\t\t\t\t<div class=\"elementor-element elementor-element-48ea4ec elementor-widget elementor-widget-text-editor\" data-id=\"48ea4ec\" data-element_type=\"widget\" data-e-type=\"widget\" data-widget_type=\"text-editor.default\">\n\t\t\t\t<div class=\"elementor-widget-container\">\n\t\t\t\t\t\t\t\t\t<h2 data-start=\"219\" data-end=\"242\">1. \u00c9diteur du site<\/h2><p data-start=\"243\" data-end=\"288\">Le site <strong data-start=\"251\" data-end=\"270\">Enjoy Normandie<\/strong> est \u00e9dit\u00e9 par :<\/p><ul data-start=\"289\" data-end=\"803\"><li data-start=\"289\" data-end=\"364\">Nom de l\u2019entreprise : <strong><a href=\"https:\/\/kofibus.com\">Kofibus<\/a><\/strong><\/li><li data-start=\"522\" data-end=\"574\">Num\u00e9ro d\u2019immatriculation : <span class=\"OYPEnA font-feature-liga-off font-feature-clig-off font-feature-calt-off text-decoration-none text-strikethrough-none\">92052759500010 enregistr\u00e9 au r\u00e9pertoire SIRENE de Normandie<\/span><\/li><li data-start=\"697\" data-end=\"741\">Email de contact : <a href=\"mailto:contact@kofibus.com\">contact@kofibus.com<\/a><\/li><\/ul><h2 data-start=\"805\" data-end=\"840\">2. Directeur de la publication<\/h2><p data-start=\"841\" data-end=\"964\">Le directeur de la publication est Camille Delos, en qualit\u00e9 de Pr\u00e9sident.<\/p><h2 data-start=\"966\" data-end=\"985\">3. H\u00e9bergement<\/h2><p data-start=\"986\" data-end=\"1045\">Le site <strong data-start=\"994\" data-end=\"1025\"><a href=\"https:\/\/enjoy-normandie.fr\/\" target=\"_new\" rel=\"noopener\" data-start=\"996\" data-end=\"1023\">https:\/\/enjoy-normandie.fr\/<\/a><\/strong> est h\u00e9berg\u00e9 par :<\/p><ul data-start=\"1046\" data-end=\"1234\"><li data-start=\"1046\" data-end=\"1120\">Nom de l\u2019h\u00e9bergeur : OVH<\/li><li data-start=\"1121\" data-end=\"1176\">Adresse de l\u2019h\u00e9bergeur : 2, rue Kellermann, 59100 Roubaix<\/li><\/ul><h2 data-start=\"1236\" data-end=\"1268\">4. Propri\u00e9t\u00e9 intellectuelle<\/h2><p data-start=\"1269\" data-end=\"1697\">L\u2019ensemble des \u00e9l\u00e9ments pr\u00e9sents sur le site (textes, images, graphismes, logos, vid\u00e9os, etc.) est prot\u00e9g\u00e9 par le droit d\u2019auteur et la propri\u00e9t\u00e9 intellectuelle. Toute reproduction, modification ou diffusion, totale ou partielle, sans autorisation pr\u00e9alable \u00e9crite de Enjoy Normandie et Kofibus, est interdite et constitue une contrefa\u00e7on sanctionn\u00e9e par les articles L.335-2 et suivants du Code de la propri\u00e9t\u00e9 intellectuelle.<\/p><h2 data-start=\"1699\" data-end=\"1721\">5. Responsabilit\u00e9<\/h2><p data-start=\"1722\" data-end=\"2126\">L\u2019\u00e9diteur du site met tout en \u0153uvre pour fournir des informations pr\u00e9cises et \u00e0 jour. Toutefois, il ne saurait \u00eatre tenu responsable des erreurs, omissions ou d\u2019une mauvaise interpr\u00e9tation des contenus publi\u00e9s.<br data-start=\"1932\" data-end=\"1935\" \/>Le site <strong data-start=\"1943\" data-end=\"1962\">Enjoy Normandie<\/strong> peut contenir des liens vers des sites externes sur lesquels il n\u2019a aucun contr\u00f4le. L\u2019\u00e9diteur ne peut donc \u00eatre tenu responsable des contenus de ces sites tiers.<\/p><h2 data-start=\"2128\" data-end=\"2167\">6. Donn\u00e9es personnelles et cookies<\/h2><p data-start=\"2168\" data-end=\"2628\">Conform\u00e9ment au R\u00e8glement G\u00e9n\u00e9ral sur la Protection des Donn\u00e9es (RGPD), les utilisateurs disposent d\u2019un droit d\u2019acc\u00e8s, de rectification et de suppression de leurs donn\u00e9es personnelles. Ces demandes peuvent \u00eatre adress\u00e9es via notre formulaire de contact.<br data-start=\"2420\" data-end=\"2423\" \/>Le site utilise des cookies pour am\u00e9liorer l\u2019exp\u00e9rience utilisateur et mesurer l\u2019audience. L\u2019utilisateur peut \u00e0 tout moment configurer son navigateur pour refuser les cookies via les param\u00e8tres ad\u00e9quats.<\/p>\t\t\t\t\t\t\t\t<\/div>\n\t\t\t\t<\/div>\n\t\t\t\t\t<\/div>\n\t\t\t\t<\/div>\n\t\t\t\t<\/div>\n\t\t","protected":false},"excerpt":{"rendered":"<p>Mentions L\u00e9gales 1. \u00c9diteur du site Le site Enjoy Normandie est \u00e9dit\u00e9 par : Nom de l\u2019entreprise : Kofibus Num\u00e9ro [&hellip;]<\/p>\n","protected":false},"author":1,"featured_media":0,"parent":0,"menu_order":0,"comment_status":"closed","ping_status":"closed","template":"","meta":{"site-sidebar-layout":"no-sidebar","site-content-layout":"","ast-site-content-layout":"full-width-container","site-content-style":"default","site-sidebar-style":"default","ast-global-header-display":"","ast-banner-title-visibility":"","ast-main-header-display":"","ast-hfb-above-header-display":"","ast-hfb-below-header-display":"","ast-hfb-mobile-header-display":"","site-post-title":"disabled","ast-breadcrumbs-content":"","ast-featured-img":"disabled","footer-sml-layout":"","ast-disable-related-posts":"","theme-transparent-header-meta":"","adv-header-id-meta":"","stick-header-meta":"","header-above-stick-meta":"","header-main-stick-meta":"","header-below-stick-meta":"","astra-migrate-meta-layouts":"default","ast-page-background-enabled":"default","ast-page-background-meta":{"desktop":{"background-color":"var(--ast-global-color-5)","background-image":"","background-repeat":"repeat","background-position":"center center","background-size":"auto","background-attachment":"scroll","background-type":"","background-media":"","overlay-type":"","overlay-color":"","overlay-opacity":"","overlay-gradient":""},"tablet":{"background-color":"","background-image":"","background-repeat":"repeat","background-position":"center center","background-size":"auto","background-attachment":"scroll","background-type":"","background-media":"","overlay-type":"","overlay-color":"","overlay-opacity":"","overlay-gradient":""},"mobile":{"background-color":"","background-image":"","background-repeat":"repeat","background-position":"center center","background-size":"auto","background-attachment":"scroll","background-type":"","background-media":"","overlay-type":"","overlay-color":"","overlay-opacity":"","overlay-gradient":""}},"ast-content-background-meta":{"desktop":{"background-color":"var(--ast-global-color-4)","background-image":"","background-repeat":"repeat","background-position":"center center","background-size":"auto","background-attachment":"scroll","background-type":"","background-media":"","overlay-type":"","overlay-color":"","overlay-opacity":"","overlay-gradient":""},"tablet":{"background-color":"var(--ast-global-color-4)","background-image":"","background-repeat":"repeat","background-position":"center center","background-size":"auto","background-attachment":"scroll","background-type":"","background-media":"","overlay-type":"","overlay-color":"","overlay-opacity":"","overlay-gradient":""},"mobile":{"background-color":"var(--ast-global-color-4)","background-image":"","background-repeat":"repeat","background-position":"center center","background-size":"auto","background-attachment":"scroll","background-type":"","background-media":"","overlay-type":"","overlay-color":"","overlay-opacity":"","overlay-gradient":""}},"footnotes":""},"class_list":["post-402","page","type-page","status-publish","hentry"],"aioseo_notices":[],"_links":{"self":[{"href":"https:\/\/enjoy-normandie.fr\/index.php\/wp-json\/wp\/v2\/pages\/402","targetHints":{"allow":["GET"]}}],"collection":[{"href":"https:\/\/enjoy-normandie.fr\/index.php\/wp-json\/wp\/v2\/pages"}],"about":[{"href":"https:\/\/enjoy-normandie.fr\/index.php\/wp-json\/wp\/v2\/types\/page"}],"author":[{"embeddable":true,"href":"https:\/\/enjoy-normandie.fr\/index.php\/wp-json\/wp\/v2\/users\/1"}],"replies":[{"embeddable":true,"href":"https:\/\/enjoy-normandie.fr\/index.php\/wp-json\/wp\/v2\/comments?post=402"}],"version-history":[{"count":16,"href":"https:\/\/enjoy-normandie.fr\/index.php\/wp-json\/wp\/v2\/pages\/402\/revisions"}],"predecessor-version":[{"id":524,"href":"https:\/\/enjoy-normandie.fr\/index.php\/wp-json\/wp\/v2\/pages\/402\/revisions\/524"}],"wp:attachment":[{"href":"https:\/\/enjoy-normandie.fr\/index.php\/wp-json\/wp\/v2\/media?parent=402"}],"curies":[{"name":"wp","href":"https:\/\/api.w.org\/{rel}","templated":true}]}}